{"id":2548,"date":"2022-09-26T15:36:29","date_gmt":"2022-09-26T13:36:29","guid":{"rendered":"https:\/\/jobout.com\/fi\/?post_type=product&#038;p=2548"},"modified":"2025-03-05T10:49:54","modified_gmt":"2025-03-05T09:49:54","slug":"saturn-tasapainolevy","status":"publish","type":"product","link":"https:\/\/jobout.com\/fi\/tuote\/saturn-tasapainolevy\/","title":{"rendered":"Saturn &#8211; Tasapainolevy"},"content":{"rendered":"<p>JobOut tasapainolevy parantaa tasapainoa ja koordinaatiota sek\u00e4 vahvistaa keskivartalon lihaksia, nilkkoja, reisi\u00e4 ja pohkeita. Sopii t\u00e4ydellisesti keskittymisharjoitteluun ja edist\u00e4\u00e4 kehontuntemusta. Mitat: \u00d8 41 cm Materiaali: PP<\/p>\n","protected":false},"excerpt":{"rendered":"<p>JobOut tasapainolevy parantaa tasapainoa ja koordinaatiota sek\u00e4 vahvistaa keskivartalon lihaksia, nilkkoja, reisi\u00e4 ja pohkeita. Sopii t\u00e4ydellisesti keskittymisharjoitteluun ja edist\u00e4\u00e4 kehontuntemusta. Mitat: \u00d8 41 cm Materiaali: PP<\/p>\n","protected":false},"featured_media":2549,"template":"","meta":{"_acf_changed":false},"product_cat":[127],"product_tag":[131,132],"class_list":{"0":"post-2548","1":"product","2":"type-product","3":"status-publish","4":"has-post-thumbnail","6":"product_cat-tasapainolevyt","7":"product_tag-aktiv-arbetsdag","8":"product_tag-oka-balansen","10":"first","11":"instock","12":"taxable","13":"shipping-taxable","14":"purchasable","15":"product-type-simple"},"acf":[],"_links":{"self":[{"href":"https:\/\/jobout.com\/fi\/wp-json\/wp\/v2\/product\/2548","targetHints":{"allow":["GET"]}}],"collection":[{"href":"https:\/\/jobout.com\/fi\/wp-json\/wp\/v2\/product"}],"about":[{"href":"https:\/\/jobout.com\/fi\/wp-json\/wp\/v2\/types\/product"}],"wp:featuredmedia":[{"embeddable":true,"href":"https:\/\/jobout.com\/fi\/wp-json\/wp\/v2\/media\/2549"}],"wp:attachment":[{"href":"https:\/\/jobout.com\/fi\/wp-json\/wp\/v2\/media?parent=2548"}],"wp:term":[{"taxonomy":"product_cat","embeddable":true,"href":"https:\/\/jobout.com\/fi\/wp-json\/wp\/v2\/product_cat?post=2548"},{"taxonomy":"product_tag","embeddable":true,"href":"https:\/\/jobout.com\/fi\/wp-json\/wp\/v2\/product_tag?post=2548"}],"curies":[{"name":"wp","href":"https:\/\/api.w.org\/{rel}","templated":true}]}}