{"id":2588,"date":"2022-09-26T15:36:29","date_gmt":"2022-09-26T13:36:29","guid":{"rendered":"https:\/\/jobout.com\/fi\/?post_type=product&#038;p=2588"},"modified":"2025-09-25T15:42:22","modified_gmt":"2025-09-25T13:42:22","slug":"armor-kasiterapiapallo-keskiraskas","status":"publish","type":"product","link":"https:\/\/jobout.com\/fi\/tuote\/armor-kasiterapiapallo-keskiraskas\/","title":{"rendered":"Armor &#8211; K\u00e4siterapiapallo keskiraskas"},"content":{"rendered":"<p>JobOut Armor optimaalinen muotoilu parantaa k\u00e4sien, sormien ja kyyn\u00e4rvarren voimaa ja koordinaatiota. Sopii t\u00e4ydellisesti k\u00e4ytett\u00e4v\u00e4ksi ty\u00f6paikalla, helppo ja k\u00e4tev\u00e4 kuljettaa my\u00f6s mukana. Saatavilla kolme eri vastusta: kevyt, keskiraskas ja raskas. Mitat: 4,5 x 6 cm. Materiaali: TPR<\/p>\n","protected":false},"excerpt":{"rendered":"<p>JobOut Armor optimaalinen muotoilu parantaa k\u00e4sien, sormien ja kyyn\u00e4rvarren voimaa ja koordinaatiota. Sopii t\u00e4ydellisesti k\u00e4ytett\u00e4v\u00e4ksi ty\u00f6paikalla, helppo ja k\u00e4tev\u00e4 kuljettaa my\u00f6s mukana. Saatavilla kolme eri vastusta: kevyt, keskiraskas ja raskas. Mitat: 4,5 x 6 cm. Materiaali: TPR<\/p>\n","protected":false},"featured_media":2589,"template":"","meta":{"_acf_changed":false},"product_cat":[126],"product_tag":[],"class_list":{"0":"post-2588","1":"product","2":"type-product","3":"status-publish","4":"has-post-thumbnail","6":"product_cat-hieronta-ja-liike","8":"first","9":"outofstock","10":"taxable","11":"shipping-taxable","12":"purchasable","13":"product-type-simple"},"acf":[],"_links":{"self":[{"href":"https:\/\/jobout.com\/fi\/wp-json\/wp\/v2\/product\/2588","targetHints":{"allow":["GET"]}}],"collection":[{"href":"https:\/\/jobout.com\/fi\/wp-json\/wp\/v2\/product"}],"about":[{"href":"https:\/\/jobout.com\/fi\/wp-json\/wp\/v2\/types\/product"}],"wp:featuredmedia":[{"embeddable":true,"href":"https:\/\/jobout.com\/fi\/wp-json\/wp\/v2\/media\/2589"}],"wp:attachment":[{"href":"https:\/\/jobout.com\/fi\/wp-json\/wp\/v2\/media?parent=2588"}],"wp:term":[{"taxonomy":"product_cat","embeddable":true,"href":"https:\/\/jobout.com\/fi\/wp-json\/wp\/v2\/product_cat?post=2588"},{"taxonomy":"product_tag","embeddable":true,"href":"https:\/\/jobout.com\/fi\/wp-json\/wp\/v2\/product_tag?post=2588"}],"curies":[{"name":"wp","href":"https:\/\/api.w.org\/{rel}","templated":true}]}}