{"id":2613,"date":"2022-09-26T15:36:29","date_gmt":"2022-09-26T13:36:29","guid":{"rendered":"https:\/\/jobout.com\/fi\/?post_type=product&#038;p=2613"},"modified":"2025-03-05T10:49:53","modified_gmt":"2025-03-05T09:49:53","slug":"hugger-hierontarulla","status":"publish","type":"product","link":"https:\/\/jobout.com\/fi\/tuote\/hugger-hierontarulla\/","title":{"rendered":"Hugger &#8211; Hierontarulla"},"content":{"rendered":"<p>JobOut hierontarulla auttaa rentouttamaan j\u00e4nnittyneit\u00e4 lihaksia, v\u00e4hent\u00e4\u00e4 j\u00e4ykkyytt\u00e4 ja kipua sek\u00e4 edist\u00e4\u00e4 verenkiertoa. Hierontav\u00e4lineell\u00e4 on k\u00e4tev\u00e4 hieroa my\u00f6s vaikeap\u00e4\u00e4syisi\u00e4 kehon alueita. Voidaan k\u00e4ytt\u00e4\u00e4 koko keholla. Mitat: Pituus 109 cm Materiaali: ABS, PP ja TPR<\/p>\n","protected":false},"excerpt":{"rendered":"<p>JobOut hierontarulla auttaa rentouttamaan j\u00e4nnittyneit\u00e4 lihaksia, v\u00e4hent\u00e4\u00e4 j\u00e4ykkyytt\u00e4 ja kipua sek\u00e4 edist\u00e4\u00e4 verenkiertoa. Hierontav\u00e4lineell\u00e4 on k\u00e4tev\u00e4 hieroa my\u00f6s vaikeap\u00e4\u00e4syisi\u00e4 kehon alueita. Voidaan k\u00e4ytt\u00e4\u00e4 koko keholla. Mitat: Pituus 109 cm Materiaali: ABS, PP ja TPR<\/p>\n","protected":false},"featured_media":2614,"template":"","meta":{"_acf_changed":false},"product_cat":[126],"product_tag":[130],"class_list":{"0":"post-2613","1":"product","2":"type-product","3":"status-publish","4":"has-post-thumbnail","6":"product_cat-hieronta-ja-liike","7":"product_tag-omma-muskler","9":"first","10":"instock","11":"taxable","12":"shipping-taxable","13":"purchasable","14":"product-type-simple"},"acf":[],"_links":{"self":[{"href":"https:\/\/jobout.com\/fi\/wp-json\/wp\/v2\/product\/2613","targetHints":{"allow":["GET"]}}],"collection":[{"href":"https:\/\/jobout.com\/fi\/wp-json\/wp\/v2\/product"}],"about":[{"href":"https:\/\/jobout.com\/fi\/wp-json\/wp\/v2\/types\/product"}],"wp:featuredmedia":[{"embeddable":true,"href":"https:\/\/jobout.com\/fi\/wp-json\/wp\/v2\/media\/2614"}],"wp:attachment":[{"href":"https:\/\/jobout.com\/fi\/wp-json\/wp\/v2\/media?parent=2613"}],"wp:term":[{"taxonomy":"product_cat","embeddable":true,"href":"https:\/\/jobout.com\/fi\/wp-json\/wp\/v2\/product_cat?post=2613"},{"taxonomy":"product_tag","embeddable":true,"href":"https:\/\/jobout.com\/fi\/wp-json\/wp\/v2\/product_tag?post=2613"}],"curies":[{"name":"wp","href":"https:\/\/api.w.org\/{rel}","templated":true}]}}