{"id":2646,"date":"2022-06-15T08:07:51","date_gmt":"2022-06-15T06:07:51","guid":{"rendered":"https:\/\/jobout.com\/fi\/?post_type=product&#038;p=2646"},"modified":"2022-11-07T10:15:51","modified_gmt":"2022-11-07T09:15:51","slug":"yogi-yogamatta","status":"publish","type":"product","link":"https:\/\/jobout.com\/fi\/tuote\/yogi-yogamatta\/","title":{"rendered":"Yogi &#8211; Yogamatta"},"content":{"rendered":"<p>JobOut Yogamatta \u00e4r st\u00f6td\u00e4mpande och mjuk f\u00f6r avslappning och \u00e5terh\u00e4mtning. Mattan \u00e4r l\u00e4mplig f\u00f6r de flesta flexibilitets\u00f6vningar som utf\u00f6rs liggande, sittande eller st\u00e5ende, och kan hj\u00e4lpa dig att \u00f6ka din kroppskontroll. Den m\u00f6nstrade ytstrukturen ger bra grepp. M\u00e5tt: 173 x 61 x 0,4 cm. Material: TPE<\/p>\n","protected":false},"excerpt":{"rendered":"<p>JobOut Yogamatta \u00e4r st\u00f6td\u00e4mpande och mjuk f\u00f6r avslappning och \u00e5terh\u00e4mtning. Mattan \u00e4r l\u00e4mplig f\u00f6r de flesta flexibilitets\u00f6vningar som utf\u00f6rs liggande, sittande eller st\u00e5ende, och kan hj\u00e4lpa dig att \u00f6ka din kroppskontroll. Den m\u00f6nstrade ytstrukturen ger bra grepp. M\u00e5tt: 173 x 61 x 0,4 cm. Material: TPE<\/p>\n","protected":false},"featured_media":2647,"template":"","meta":{"_acf_changed":false},"product_cat":[15],"product_tag":[],"class_list":{"0":"post-2646","1":"product","2":"type-product","3":"status-publish","4":"has-post-thumbnail","6":"product_cat-okategoriserad","8":"first","9":"instock","10":"sale","11":"taxable","12":"shipping-taxable","13":"purchasable","14":"product-type-simple"},"acf":[],"_links":{"self":[{"href":"https:\/\/jobout.com\/fi\/wp-json\/wp\/v2\/product\/2646","targetHints":{"allow":["GET"]}}],"collection":[{"href":"https:\/\/jobout.com\/fi\/wp-json\/wp\/v2\/product"}],"about":[{"href":"https:\/\/jobout.com\/fi\/wp-json\/wp\/v2\/types\/product"}],"wp:featuredmedia":[{"embeddable":true,"href":"https:\/\/jobout.com\/fi\/wp-json\/wp\/v2\/media\/2647"}],"wp:attachment":[{"href":"https:\/\/jobout.com\/fi\/wp-json\/wp\/v2\/media?parent=2646"}],"wp:term":[{"taxonomy":"product_cat","embeddable":true,"href":"https:\/\/jobout.com\/fi\/wp-json\/wp\/v2\/product_cat?post=2646"},{"taxonomy":"product_tag","embeddable":true,"href":"https:\/\/jobout.com\/fi\/wp-json\/wp\/v2\/product_tag?post=2646"}],"curies":[{"name":"wp","href":"https:\/\/api.w.org\/{rel}","templated":true}]}}