{"id":2657,"date":"2022-09-26T15:36:29","date_gmt":"2022-09-26T13:36:29","guid":{"rendered":"https:\/\/jobout.com\/fi\/?post_type=product&#038;p=2657"},"modified":"2025-03-05T10:49:54","modified_gmt":"2025-03-05T09:49:54","slug":"moguls-hierova-seisontamatto","status":"publish","type":"product","link":"https:\/\/jobout.com\/fi\/tuote\/moguls-hierova-seisontamatto\/","title":{"rendered":"Moguls &#8211; Hierova seisontamatto"},"content":{"rendered":"<p>JobOut hierova seisontamatto hieroo jalkapohjia vy\u00f6hyketerapian tapaan, antaa energiaa ja stimuloi koko kehoa. Vain muutaman minuutin seisominen hierontamatolla edist\u00e4\u00e4 verenkiertoa, parantaa energiatasoa ja kiihdytt\u00e4\u00e4 aineenvaihduntaa sek\u00e4 v\u00e4hent\u00e4\u00e4 stressi\u00e4 ja lievitt\u00e4\u00e4 kipuja. Mitat: 120 x 31 x 1,8 cm. Mitat (rullattuna): \u00d8 16 x 31 cm. Materiaali: EVA<\/p>\n","protected":false},"excerpt":{"rendered":"<p>JobOut hierova seisontamatto hieroo jalkapohjia vy\u00f6hyketerapian tapaan, antaa energiaa ja stimuloi koko kehoa. Vain muutaman minuutin seisominen hierontamatolla edist\u00e4\u00e4 verenkiertoa, parantaa energiatasoa ja kiihdytt\u00e4\u00e4 aineenvaihduntaa sek\u00e4 v\u00e4hent\u00e4\u00e4 stressi\u00e4 ja lievitt\u00e4\u00e4 kipuja. Mitat: 120 x 31 x 1,8 cm. Mitat (rullattuna): \u00d8 16 x 31 cm. Materiaali: EVA<\/p>\n","protected":false},"featured_media":2658,"template":"","meta":{"_acf_changed":false},"product_cat":[124],"product_tag":[],"class_list":{"0":"post-2657","1":"product","2":"type-product","3":"status-publish","4":"has-post-thumbnail","6":"product_cat-seisontamatot","8":"first","9":"instock","10":"taxable","11":"shipping-taxable","12":"purchasable","13":"product-type-simple"},"acf":[],"_links":{"self":[{"href":"https:\/\/jobout.com\/fi\/wp-json\/wp\/v2\/product\/2657","targetHints":{"allow":["GET"]}}],"collection":[{"href":"https:\/\/jobout.com\/fi\/wp-json\/wp\/v2\/product"}],"about":[{"href":"https:\/\/jobout.com\/fi\/wp-json\/wp\/v2\/types\/product"}],"wp:featuredmedia":[{"embeddable":true,"href":"https:\/\/jobout.com\/fi\/wp-json\/wp\/v2\/media\/2658"}],"wp:attachment":[{"href":"https:\/\/jobout.com\/fi\/wp-json\/wp\/v2\/media?parent=2657"}],"wp:term":[{"taxonomy":"product_cat","embeddable":true,"href":"https:\/\/jobout.com\/fi\/wp-json\/wp\/v2\/product_cat?post=2657"},{"taxonomy":"product_tag","embeddable":true,"href":"https:\/\/jobout.com\/fi\/wp-json\/wp\/v2\/product_tag?post=2657"}],"curies":[{"name":"wp","href":"https:\/\/api.w.org\/{rel}","templated":true}]}}