{"id":2660,"date":"2022-09-26T15:36:29","date_gmt":"2022-09-26T13:36:29","guid":{"rendered":"https:\/\/jobout.com\/fi\/?post_type=product&#038;p=2660"},"modified":"2025-03-05T10:49:54","modified_gmt":"2025-03-05T09:49:54","slug":"coreflow-rise-aktiivinen-tasapainolevy","status":"publish","type":"product","link":"https:\/\/jobout.com\/fi\/tuote\/coreflow-rise-aktiivinen-tasapainolevy\/","title":{"rendered":"Coreflow Rise &#8211; Aktiivinen tasapainolevy"},"content":{"rendered":"<p>JobOut aktiivinen tasapainolevy antaa aktiivisen ja dynaamisen seisoma-asennon ty\u00f6p\u00e4iv\u00e4n aikana. Tasapainolevy parantaa sek\u00e4 tasapainoa ett\u00e4 koordinaatiota ja vahvistaa nilkkoja, pohkeita, polvia ja reisi\u00e4. Levyn p\u00e4\u00e4ll\u00e4 seisominen stimuloi verenkiertoa, parantaa energiatasoa ja kiihdytt\u00e4\u00e4 aineenvaihduntaa. Tasapainolevy on pehme\u00e4 ja kimmoisa, joten sen p\u00e4\u00e4ll\u00e4 on mukava seist\u00e4 niin keng\u00e4t jalassa kuin ilman kenki\u00e4. Mitat: 60 x 39 x 11 cm. Materiaali: TPE ja puu<\/p>\n","protected":false},"excerpt":{"rendered":"<p>JobOut aktiivinen tasapainolevy antaa aktiivisen ja dynaamisen seisoma-asennon ty\u00f6p\u00e4iv\u00e4n aikana. Tasapainolevy parantaa sek\u00e4 tasapainoa ett\u00e4 koordinaatiota ja vahvistaa nilkkoja, pohkeita, polvia ja reisi\u00e4. Levyn p\u00e4\u00e4ll\u00e4 seisominen stimuloi verenkiertoa, parantaa energiatasoa ja kiihdytt\u00e4\u00e4 aineenvaihduntaa. Tasapainolevy on pehme\u00e4 ja kimmoisa, joten sen p\u00e4\u00e4ll\u00e4 on mukava seist\u00e4 niin keng\u00e4t jalassa kuin ilman kenki\u00e4. Mitat: 60 x 39 x [&hellip;]<\/p>\n","protected":false},"featured_media":2661,"template":"","meta":{"_acf_changed":false},"product_cat":[127],"product_tag":[132],"class_list":{"0":"post-2660","1":"product","2":"type-product","3":"status-publish","4":"has-post-thumbnail","6":"product_cat-tasapainolevyt","7":"product_tag-oka-balansen","9":"first","10":"instock","11":"taxable","12":"shipping-taxable","13":"purchasable","14":"product-type-simple"},"acf":[],"_links":{"self":[{"href":"https:\/\/jobout.com\/fi\/wp-json\/wp\/v2\/product\/2660","targetHints":{"allow":["GET"]}}],"collection":[{"href":"https:\/\/jobout.com\/fi\/wp-json\/wp\/v2\/product"}],"about":[{"href":"https:\/\/jobout.com\/fi\/wp-json\/wp\/v2\/types\/product"}],"wp:featuredmedia":[{"embeddable":true,"href":"https:\/\/jobout.com\/fi\/wp-json\/wp\/v2\/media\/2661"}],"wp:attachment":[{"href":"https:\/\/jobout.com\/fi\/wp-json\/wp\/v2\/media?parent=2660"}],"wp:term":[{"taxonomy":"product_cat","embeddable":true,"href":"https:\/\/jobout.com\/fi\/wp-json\/wp\/v2\/product_cat?post=2660"},{"taxonomy":"product_tag","embeddable":true,"href":"https:\/\/jobout.com\/fi\/wp-json\/wp\/v2\/product_tag?post=2660"}],"curies":[{"name":"wp","href":"https:\/\/api.w.org\/{rel}","templated":true}]}}