{"id":2679,"date":"2022-09-26T15:36:58","date_gmt":"2022-09-26T13:36:58","guid":{"rendered":"https:\/\/jobout.com\/fi\/?post_type=product&#038;p=2679"},"modified":"2025-03-05T10:49:57","modified_gmt":"2025-03-05T09:49:57","slug":"jalkahierontarulla","status":"publish","type":"product","link":"https:\/\/jobout.com\/fi\/tuote\/jalkahierontarulla\/","title":{"rendered":"Jalkahierontarulla"},"content":{"rendered":"<p>JobOut jalkahierontarulla on ergonomisesti muotoiltu v\u00e4hent\u00e4m\u00e4\u00e4n v\u00e4syneiden ja j\u00e4ykkien jalkojen kipuja. Jalkarulla hieroo koko jalkapohjaa ja edist\u00e4\u00e4 verenkiertoa. Voidaan k\u00e4ytt\u00e4\u00e4 my\u00f6s kyyn\u00e4rvarren lihasten stimulointiin. Mitat: \u00d8 9 x 21 cm Materiaali: EVA ja PVC<\/p>\n","protected":false},"excerpt":{"rendered":"<p>JobOut jalkahierontarulla on ergonomisesti muotoiltu v\u00e4hent\u00e4m\u00e4\u00e4n v\u00e4syneiden ja j\u00e4ykkien jalkojen kipuja. Jalkarulla hieroo koko jalkapohjaa ja edist\u00e4\u00e4 verenkiertoa. Voidaan k\u00e4ytt\u00e4\u00e4 my\u00f6s kyyn\u00e4rvarren lihasten stimulointiin. Mitat: \u00d8 9 x 21 cm Materiaali: EVA ja PVC<\/p>\n","protected":false},"featured_media":2680,"template":"","meta":{"_acf_changed":false},"product_cat":[126],"product_tag":[130],"class_list":{"0":"post-2679","1":"product","2":"type-product","3":"status-publish","4":"has-post-thumbnail","6":"product_cat-hieronta-ja-liike","7":"product_tag-omma-muskler","9":"first","10":"instock","11":"taxable","12":"shipping-taxable","13":"purchasable","14":"product-type-simple"},"acf":[],"_links":{"self":[{"href":"https:\/\/jobout.com\/fi\/wp-json\/wp\/v2\/product\/2679","targetHints":{"allow":["GET"]}}],"collection":[{"href":"https:\/\/jobout.com\/fi\/wp-json\/wp\/v2\/product"}],"about":[{"href":"https:\/\/jobout.com\/fi\/wp-json\/wp\/v2\/types\/product"}],"wp:featuredmedia":[{"embeddable":true,"href":"https:\/\/jobout.com\/fi\/wp-json\/wp\/v2\/media\/2680"}],"wp:attachment":[{"href":"https:\/\/jobout.com\/fi\/wp-json\/wp\/v2\/media?parent=2679"}],"wp:term":[{"taxonomy":"product_cat","embeddable":true,"href":"https:\/\/jobout.com\/fi\/wp-json\/wp\/v2\/product_cat?post=2679"},{"taxonomy":"product_tag","embeddable":true,"href":"https:\/\/jobout.com\/fi\/wp-json\/wp\/v2\/product_tag?post=2679"}],"curies":[{"name":"wp","href":"https:\/\/api.w.org\/{rel}","templated":true}]}}