{"id":2754,"date":"2022-09-26T15:36:44","date_gmt":"2022-09-26T13:36:44","guid":{"rendered":"https:\/\/jobout.com\/fi\/?post_type=product&#038;p=2754"},"modified":"2025-10-27T10:27:16","modified_gmt":"2025-10-27T09:27:16","slug":"termospullo-white","status":"publish","type":"product","link":"https:\/\/jobout.com\/fi\/tuote\/termospullo-white\/","title":{"rendered":"Termospullo White"},"content":{"rendered":"<p>Tyhji\u00f6eristetty vesipullo korkealuokkaista ruostumatonta ter\u00e4st\u00e4. Pit\u00e4\u00e4 juoman kylm\u00e4n\u00e4 jopa 24 tuntia ja kuumana jopa 12 tuntia. Pullon ter\u00e4s ei ole magneettista, joten se ei ved\u00e4 puoleensa likaa ja ep\u00e4puhtauksia ja pullo on helpompi pit\u00e4\u00e4 puhtaana. Tiiviisti suljettavassa kierrekorkissa on silikonitiiviste, joka ei sis\u00e4ll\u00e4 BPA:ta. Vesipullo pit\u00e4\u00e4 juomasi juuri sopivan kylm\u00e4n\u00e4 tai kuumana t\u00f6iss\u00e4, kotona ja treeneiss\u00e4. Mitat: \u00d8 7 x 25,5 cm. Vetoisuus: 500 ml.Paino: 0,3 kg. Materiaali: Ruostumaton ter\u00e4s, PP ja BPA-vapaa silikoni. Hoito-ohje: K\u00e4sinpest\u00e4v\u00e4<\/p>\n","protected":false},"excerpt":{"rendered":"<p>Tutustu korkealaatuisesta ruostumattomasta ter\u00e4ksest\u00e4 valmistettuun termospulloomme, joka pit\u00e4\u00e4 juoman l\u00e4mpim\u00e4n\u00e4 jopa 12 tuntia tai kylm\u00e4n\u00e4 jopa 24 tuntia. Vuotamaton, BPA-vapaa ja t\u00e4ydellinen ty\u00f6h\u00f6n, treeneihin tai retkille. Saatavilla useissa eri kokoissa ja v\u00e4reiss\u00e4 \u2013 tyylik\u00e4s ja kest\u00e4v\u00e4 ratkaisu sinulle ja ymp\u00e4rist\u00f6lle.<\/p>\n","protected":false},"featured_media":2755,"template":"","meta":{"_acf_changed":false},"product_cat":[146],"product_tag":[148],"class_list":{"0":"post-2754","1":"product","2":"type-product","3":"status-publish","4":"has-post-thumbnail","6":"product_cat-termospullo-termosmuki","7":"product_tag-wellness","9":"first","10":"instock","11":"taxable","12":"shipping-taxable","13":"purchasable","14":"product-type-simple"},"acf":[],"_links":{"self":[{"href":"https:\/\/jobout.com\/fi\/wp-json\/wp\/v2\/product\/2754","targetHints":{"allow":["GET"]}}],"collection":[{"href":"https:\/\/jobout.com\/fi\/wp-json\/wp\/v2\/product"}],"about":[{"href":"https:\/\/jobout.com\/fi\/wp-json\/wp\/v2\/types\/product"}],"wp:featuredmedia":[{"embeddable":true,"href":"https:\/\/jobout.com\/fi\/wp-json\/wp\/v2\/media\/2755"}],"wp:attachment":[{"href":"https:\/\/jobout.com\/fi\/wp-json\/wp\/v2\/media?parent=2754"}],"wp:term":[{"taxonomy":"product_cat","embeddable":true,"href":"https:\/\/jobout.com\/fi\/wp-json\/wp\/v2\/product_cat?post=2754"},{"taxonomy":"product_tag","embeddable":true,"href":"https:\/\/jobout.com\/fi\/wp-json\/wp\/v2\/product_tag?post=2754"}],"curies":[{"name":"wp","href":"https:\/\/api.w.org\/{rel}","templated":true}]}}