{"id":2767,"date":"2022-09-26T15:36:44","date_gmt":"2022-09-26T13:36:44","guid":{"rendered":"https:\/\/jobout.com\/fi\/?post_type=product&#038;p=2767"},"modified":"2025-03-05T10:49:55","modified_gmt":"2025-03-05T09:49:55","slug":"coreflow-levels-monikayttoinen-tasapainolevy","status":"publish","type":"product","link":"https:\/\/jobout.com\/fi\/tuote\/coreflow-levels-monikayttoinen-tasapainolevy\/","title":{"rendered":"Coreflow Levels &#8211; Monik\u00e4ytt\u00f6inen tasapainolevy"},"content":{"rendered":"<p>Monik\u00e4ytt\u00f6inen tasapainolevy, jonka vaikeusasteen voit itse valita vaihtamalla levyn alaosaa. K\u00e4yt\u00e4 levy\u00e4 tasapainoharjoituksiin tai saadaksesi aktiivisemman ja vaihtelevamman seisoma-asennon. Aktiivinen seisoma-asento edist\u00e4\u00e4 verenkiertoa, parantaa energiatasoa ja kiihdytt\u00e4\u00e4 aineenvaihduntaa sek\u00e4 vahvistaa nilkkojen, polvien ja sel\u00e4n lihaksia. Mitat: 48,5 x 29 x 10 cm. Materiaali: EVA ja puu.<\/p>\n","protected":false},"excerpt":{"rendered":"<p>Monik\u00e4ytt\u00f6inen tasapainolevy, jonka vaikeusasteen voit itse valita vaihtamalla levyn alaosaa. K\u00e4yt\u00e4 levy\u00e4 tasapainoharjoituksiin tai saadaksesi aktiivisemman ja vaihtelevamman seisoma-asennon. Aktiivinen seisoma-asento edist\u00e4\u00e4 verenkiertoa, parantaa energiatasoa ja kiihdytt\u00e4\u00e4 aineenvaihduntaa sek\u00e4 vahvistaa nilkkojen, polvien ja sel\u00e4n lihaksia. Mitat: 48,5 x 29 x 10 cm. Materiaali: EVA ja puu.<\/p>\n","protected":false},"featured_media":2768,"template":"","meta":{"_acf_changed":false},"product_cat":[127],"product_tag":[132],"class_list":{"0":"post-2767","1":"product","2":"type-product","3":"status-publish","4":"has-post-thumbnail","6":"product_cat-tasapainolevyt","7":"product_tag-oka-balansen","9":"first","10":"instock","11":"taxable","12":"shipping-taxable","13":"purchasable","14":"product-type-simple"},"acf":[],"_links":{"self":[{"href":"https:\/\/jobout.com\/fi\/wp-json\/wp\/v2\/product\/2767","targetHints":{"allow":["GET"]}}],"collection":[{"href":"https:\/\/jobout.com\/fi\/wp-json\/wp\/v2\/product"}],"about":[{"href":"https:\/\/jobout.com\/fi\/wp-json\/wp\/v2\/types\/product"}],"wp:featuredmedia":[{"embeddable":true,"href":"https:\/\/jobout.com\/fi\/wp-json\/wp\/v2\/media\/2768"}],"wp:attachment":[{"href":"https:\/\/jobout.com\/fi\/wp-json\/wp\/v2\/media?parent=2767"}],"wp:term":[{"taxonomy":"product_cat","embeddable":true,"href":"https:\/\/jobout.com\/fi\/wp-json\/wp\/v2\/product_cat?post=2767"},{"taxonomy":"product_tag","embeddable":true,"href":"https:\/\/jobout.com\/fi\/wp-json\/wp\/v2\/product_tag?post=2767"}],"curies":[{"name":"wp","href":"https:\/\/api.w.org\/{rel}","templated":true}]}}