{"id":2774,"date":"2022-09-26T15:36:44","date_gmt":"2022-09-26T13:36:44","guid":{"rendered":"https:\/\/jobout.com\/fi\/?post_type=product&#038;p=2774"},"modified":"2025-03-05T10:49:55","modified_gmt":"2025-03-05T09:49:55","slug":"deskoped-toimistopyora-2-0","status":"publish","type":"product","link":"https:\/\/jobout.com\/fi\/tuote\/deskoped-toimistopyora-2-0\/","title":{"rendered":"Deskoped &#8211; Toimistopy\u00f6r\u00e4 2.0"},"content":{"rendered":"<p>JobOut toimistopy\u00f6r\u00e4ll\u00e4 voit helposti yhdist\u00e4\u00e4 treenin ja hyvinvoinnin p\u00e4ivitt\u00e4iseen ty\u00f6h\u00f6si. K\u00e4yt\u00f6n aikana energiatasosi, tuottavuutesi ja verenkiertosi paranee samalla kun kulutat kaloreita. Poljinvastus on s\u00e4\u00e4dett\u00e4viss\u00e4 halutun rasitustason mukaisesti. Toimistopy\u00f6r\u00e4ss\u00e4 on n\u00e4ytt\u00f6, josta voit n\u00e4hd\u00e4 mm. ajan, et\u00e4isyyden ja kulutettujen kaloreiden m\u00e4\u00e4r\u00e4n. Py\u00f6r\u00e4\u00e4 on helppo liikutella nelj\u00e4n rullapy\u00f6r\u00e4n avulla. Toimistopy\u00f6r\u00e4 sopii my\u00f6s oppilask\u00e4ytt\u00f6\u00f6n kouluymp\u00e4rist\u00f6ss\u00e4. K\u00e4ytt\u00e4j\u00e4n suositusik\u00e4 alkaen 10 vuotta. K\u00e4ytt\u00e4j\u00e4n suosituspituus enint\u00e4\u00e4n: 195 cm. Enimm\u00e4ispaino: 120 kg. Mitat: 101 x 51 x 85 cm. Materiaali: Ter\u00e4s, ABS, PVC, PU, PC, PP ja lasi. Paino: 24,5 kg<\/p>\n","protected":false},"excerpt":{"rendered":"<p>JobOut toimistopy\u00f6r\u00e4ll\u00e4 voit helposti yhdist\u00e4\u00e4 treenin ja hyvinvoinnin p\u00e4ivitt\u00e4iseen ty\u00f6h\u00f6si. K\u00e4yt\u00f6n aikana energiatasosi, tuottavuutesi ja verenkiertosi paranee samalla kun kulutat kaloreita. Poljinvastus on s\u00e4\u00e4dett\u00e4viss\u00e4 halutun rasitustason mukaisesti. Toimistopy\u00f6r\u00e4ss\u00e4 on n\u00e4ytt\u00f6, josta voit n\u00e4hd\u00e4 mm. ajan, et\u00e4isyyden ja kulutettujen kaloreiden m\u00e4\u00e4r\u00e4n. Py\u00f6r\u00e4\u00e4 on helppo liikutella nelj\u00e4n rullapy\u00f6r\u00e4n avulla. Toimistopy\u00f6r\u00e4 sopii my\u00f6s oppilask\u00e4ytt\u00f6\u00f6n kouluymp\u00e4rist\u00f6ss\u00e4. K\u00e4ytt\u00e4j\u00e4n suositusik\u00e4 alkaen [&hellip;]<\/p>\n","protected":false},"featured_media":2775,"template":"","meta":{"_acf_changed":false},"product_cat":[121],"product_tag":[],"class_list":{"0":"post-2774","1":"product","2":"type-product","3":"status-publish","4":"has-post-thumbnail","6":"product_cat-toimistopyora","8":"first","9":"instock","10":"taxable","11":"shipping-taxable","12":"purchasable","13":"product-type-simple"},"acf":[],"_links":{"self":[{"href":"https:\/\/jobout.com\/fi\/wp-json\/wp\/v2\/product\/2774","targetHints":{"allow":["GET"]}}],"collection":[{"href":"https:\/\/jobout.com\/fi\/wp-json\/wp\/v2\/product"}],"about":[{"href":"https:\/\/jobout.com\/fi\/wp-json\/wp\/v2\/types\/product"}],"wp:featuredmedia":[{"embeddable":true,"href":"https:\/\/jobout.com\/fi\/wp-json\/wp\/v2\/media\/2775"}],"wp:attachment":[{"href":"https:\/\/jobout.com\/fi\/wp-json\/wp\/v2\/media?parent=2774"}],"wp:term":[{"taxonomy":"product_cat","embeddable":true,"href":"https:\/\/jobout.com\/fi\/wp-json\/wp\/v2\/product_cat?post=2774"},{"taxonomy":"product_tag","embeddable":true,"href":"https:\/\/jobout.com\/fi\/wp-json\/wp\/v2\/product_tag?post=2774"}],"curies":[{"name":"wp","href":"https:\/\/api.w.org\/{rel}","templated":true}]}}