{"id":2781,"date":"2022-09-26T15:36:44","date_gmt":"2022-09-26T13:36:44","guid":{"rendered":"https:\/\/jobout.com\/fi\/?post_type=product&#038;p=2781"},"modified":"2025-10-27T10:27:17","modified_gmt":"2025-10-27T09:27:17","slug":"urheilukorkki-termospullolle","status":"publish","type":"product","link":"https:\/\/jobout.com\/fi\/tuote\/urheilukorkki-termospullolle\/","title":{"rendered":"Urheilukorkki termospullolle"},"content":{"rendered":"<p>Vaihda JobOutin alkuper\u00e4isen korkin t\u00e4h\u00e4n korkkiin. Pikakorkilla on helpompi juoda pullosta yhdell\u00e4 k\u00e4dell\u00e4. Materiaali: BPA-vapaa silikooni ja PP-muovi.\u00a0<\/p>\n","protected":false},"excerpt":{"rendered":"<p>Vaihda JobOutin alkuper\u00e4isen korkin t\u00e4h\u00e4n korkkiin. Pikakorkilla on helpompi juoda pullosta yhdell\u00e4 k\u00e4dell\u00e4. Materiaali: BPA-vapaa silikooni ja PP-muovi.\u00a0<\/p>\n","protected":false},"featured_media":2782,"template":"","meta":{"_acf_changed":false},"product_cat":[146],"product_tag":[148],"class_list":{"0":"post-2781","1":"product","2":"type-product","3":"status-publish","4":"has-post-thumbnail","6":"product_cat-termospullo-termosmuki","7":"product_tag-wellness","9":"first","10":"instock","11":"taxable","12":"shipping-taxable","13":"purchasable","14":"product-type-simple"},"acf":[],"_links":{"self":[{"href":"https:\/\/jobout.com\/fi\/wp-json\/wp\/v2\/product\/2781","targetHints":{"allow":["GET"]}}],"collection":[{"href":"https:\/\/jobout.com\/fi\/wp-json\/wp\/v2\/product"}],"about":[{"href":"https:\/\/jobout.com\/fi\/wp-json\/wp\/v2\/types\/product"}],"wp:featuredmedia":[{"embeddable":true,"href":"https:\/\/jobout.com\/fi\/wp-json\/wp\/v2\/media\/2782"}],"wp:attachment":[{"href":"https:\/\/jobout.com\/fi\/wp-json\/wp\/v2\/media?parent=2781"}],"wp:term":[{"taxonomy":"product_cat","embeddable":true,"href":"https:\/\/jobout.com\/fi\/wp-json\/wp\/v2\/product_cat?post=2781"},{"taxonomy":"product_tag","embeddable":true,"href":"https:\/\/jobout.com\/fi\/wp-json\/wp\/v2\/product_tag?post=2781"}],"curies":[{"name":"wp","href":"https:\/\/api.w.org\/{rel}","templated":true}]}}