{"id":2794,"date":"2022-09-26T15:36:44","date_gmt":"2022-09-26T13:36:44","guid":{"rendered":"https:\/\/jobout.com\/fi\/?post_type=product&#038;p=2794"},"modified":"2025-03-05T10:49:55","modified_gmt":"2025-03-05T09:49:55","slug":"coreflow-square-tasapainotyyny-nelio-design-vaaleanharmaa","status":"publish","type":"product","link":"https:\/\/jobout.com\/fi\/tuote\/coreflow-square-tasapainotyyny-nelio-design-vaaleanharmaa\/","title":{"rendered":"Coreflow Square &#8211; Tasapainotyyny neli\u00f6 design vaaleanharmaa"},"content":{"rendered":"<p>JobOut Tasapainotyyny Neli\u00f6 parantaa tasapainoa, kevent\u00e4\u00e4_x000d_<br \/>\nselk\u00e4\u00e4n kohdistuvaa rasitusta ja antaa paremman istuma-asennon. Aktivoi ja vahvistaa vartalon- ja istumalihaksia. Mukavuutta lis\u00e4\u00e4v\u00e4_x000d_<br \/>\nverhoilu, ja miellytt\u00e4v\u00e4 istua. Sopii t\u00e4ydellisesti ty\u00f6tuolille._x000d_<br \/>\nMitat: 32 x 32 cm. K 7,5 cm._x000d_<br \/>\nMateriaali: Huopakangas polyesteri\u00e4 ja PU:ta ja tasapainotyyny PVC:t\u00e4._x000d_<\/p>\n","protected":false},"excerpt":{"rendered":"<p>JobOut Tasapainotyyny Neli\u00f6 parantaa tasapainoa, kevent\u00e4\u00e4_x000d_ selk\u00e4\u00e4n kohdistuvaa rasitusta ja antaa paremman istuma-asennon. Aktivoi ja vahvistaa vartalon- ja istumalihaksia. Mukavuutta lis\u00e4\u00e4v\u00e4_x000d_ verhoilu, ja miellytt\u00e4v\u00e4 istua. Sopii t\u00e4ydellisesti ty\u00f6tuolille._x000d_ Mitat: 32 x 32 cm. K 7,5 cm._x000d_ Materiaali: Huopakangas polyesteri\u00e4 ja PU:ta ja tasapainotyyny PVC:t\u00e4._x000d_<\/p>\n","protected":false},"featured_media":2795,"template":"","meta":{"_acf_changed":false},"product_cat":[125],"product_tag":[129],"class_list":{"0":"post-2794","1":"product","2":"type-product","3":"status-publish","4":"has-post-thumbnail","6":"product_cat-tasapainotyynyt","7":"product_tag-forbattra-hallningen","9":"first","10":"instock","11":"taxable","12":"shipping-taxable","13":"purchasable","14":"product-type-simple"},"acf":[],"_links":{"self":[{"href":"https:\/\/jobout.com\/fi\/wp-json\/wp\/v2\/product\/2794","targetHints":{"allow":["GET"]}}],"collection":[{"href":"https:\/\/jobout.com\/fi\/wp-json\/wp\/v2\/product"}],"about":[{"href":"https:\/\/jobout.com\/fi\/wp-json\/wp\/v2\/types\/product"}],"wp:featuredmedia":[{"embeddable":true,"href":"https:\/\/jobout.com\/fi\/wp-json\/wp\/v2\/media\/2795"}],"wp:attachment":[{"href":"https:\/\/jobout.com\/fi\/wp-json\/wp\/v2\/media?parent=2794"}],"wp:term":[{"taxonomy":"product_cat","embeddable":true,"href":"https:\/\/jobout.com\/fi\/wp-json\/wp\/v2\/product_cat?post=2794"},{"taxonomy":"product_tag","embeddable":true,"href":"https:\/\/jobout.com\/fi\/wp-json\/wp\/v2\/product_tag?post=2794"}],"curies":[{"name":"wp","href":"https:\/\/api.w.org\/{rel}","templated":true}]}}