{"id":2808,"date":"2022-09-26T15:36:58","date_gmt":"2022-09-26T13:36:58","guid":{"rendered":"https:\/\/jobout.com\/fi\/?post_type=product&#038;p=2808"},"modified":"2025-03-05T10:49:56","modified_gmt":"2025-03-05T09:49:56","slug":"corestar-hierontakoukku","status":"publish","type":"product","link":"https:\/\/jobout.com\/fi\/tuote\/corestar-hierontakoukku\/","title":{"rendered":"Corestar &#8211; Hierontakoukku"},"content":{"rendered":"<p>JobOut Hierontakoukun muodon ansiosta sel\u00e4n_x000d_<br \/>\nvaikeasti saavutettavien osien k\u00e4sittely on helppoa._x000d_<br \/>\nHierontakoukku auttaa stimuloimaan lihaksia_x000d_<br \/>\nsyv\u00e4lt\u00e4, mik\u00e4 antaa energiaa, lis\u00e4\u00e4 verenkiertoa_x000d_<br \/>\nsek\u00e4 v\u00e4hent\u00e4\u00e4 kipua ja lihasj\u00e4nnityksi\u00e4._x000d_<br \/>\nMitat: 41 x 24 cm._x000d_<br \/>\nMateriaali: Rauta ja TPR.<\/p>\n","protected":false},"excerpt":{"rendered":"<p>JobOut Hierontakoukun muodon ansiosta sel\u00e4n_x000d_ vaikeasti saavutettavien osien k\u00e4sittely on helppoa._x000d_ Hierontakoukku auttaa stimuloimaan lihaksia_x000d_ syv\u00e4lt\u00e4, mik\u00e4 antaa energiaa, lis\u00e4\u00e4 verenkiertoa_x000d_ sek\u00e4 v\u00e4hent\u00e4\u00e4 kipua ja lihasj\u00e4nnityksi\u00e4._x000d_ Mitat: 41 x 24 cm._x000d_ Materiaali: Rauta ja TPR.<\/p>\n","protected":false},"featured_media":2809,"template":"","meta":{"_acf_changed":false},"product_cat":[126],"product_tag":[130],"class_list":{"0":"post-2808","1":"product","2":"type-product","3":"status-publish","4":"has-post-thumbnail","6":"product_cat-hieronta-ja-liike","7":"product_tag-omma-muskler","9":"first","10":"instock","11":"taxable","12":"shipping-taxable","13":"purchasable","14":"product-type-simple"},"acf":[],"_links":{"self":[{"href":"https:\/\/jobout.com\/fi\/wp-json\/wp\/v2\/product\/2808","targetHints":{"allow":["GET"]}}],"collection":[{"href":"https:\/\/jobout.com\/fi\/wp-json\/wp\/v2\/product"}],"about":[{"href":"https:\/\/jobout.com\/fi\/wp-json\/wp\/v2\/types\/product"}],"wp:featuredmedia":[{"embeddable":true,"href":"https:\/\/jobout.com\/fi\/wp-json\/wp\/v2\/media\/2809"}],"wp:attachment":[{"href":"https:\/\/jobout.com\/fi\/wp-json\/wp\/v2\/media?parent=2808"}],"wp:term":[{"taxonomy":"product_cat","embeddable":true,"href":"https:\/\/jobout.com\/fi\/wp-json\/wp\/v2\/product_cat?post=2808"},{"taxonomy":"product_tag","embeddable":true,"href":"https:\/\/jobout.com\/fi\/wp-json\/wp\/v2\/product_tag?post=2808"}],"curies":[{"name":"wp","href":"https:\/\/api.w.org\/{rel}","templated":true}]}}