{"id":2826,"date":"2022-09-26T15:36:44","date_gmt":"2022-09-26T13:36:44","guid":{"rendered":"https:\/\/jobout.com\/fi\/?post_type=product&#038;p=2826"},"modified":"2025-03-05T10:49:54","modified_gmt":"2025-03-05T09:49:54","slug":"coreflow-round-design-tasapainotyyny-vaaleanharmaa","status":"publish","type":"product","link":"https:\/\/jobout.com\/fi\/tuote\/coreflow-round-design-tasapainotyyny-vaaleanharmaa\/","title":{"rendered":"Coreflow Round &#8211; Design-tasapainotyyny vaaleanharmaa"},"content":{"rendered":"<p>JobOut design-tasapainotyyny parantaa tasapainoa ja antaa paremman istuma-asennon. Aktivoi ja vahvistaa keskivartalo- ja pakaralihaksia sek\u00e4 lievitt\u00e4\u00e4 selk\u00e4kipuja ja sel\u00e4n j\u00e4ykkyytt\u00e4. Tasapainotyynyn moderni ja tyylik\u00e4s p\u00e4\u00e4llys tekee siit\u00e4 sopivan niin kotiin kuin toimistoonkin. Tyyny on helppo ripustaa p\u00e4\u00e4llyksess\u00e4 olevasta lenkist\u00e4 silloin, kun se ei ole k\u00e4yt\u00f6ss\u00e4. Mitat: \u00d8 33 x 5,3 cm. Materiaali: PVC, huopakangas polyesteria ja PU<\/p>\n","protected":false},"excerpt":{"rendered":"<p>JobOut design-tasapainotyyny parantaa tasapainoa ja antaa paremman istuma-asennon. Aktivoi ja vahvistaa keskivartalo- ja pakaralihaksia sek\u00e4 lievitt\u00e4\u00e4 selk\u00e4kipuja ja sel\u00e4n j\u00e4ykkyytt\u00e4. Tasapainotyynyn moderni ja tyylik\u00e4s p\u00e4\u00e4llys tekee siit\u00e4 sopivan niin kotiin kuin toimistoonkin. Tyyny on helppo ripustaa p\u00e4\u00e4llyksess\u00e4 olevasta lenkist\u00e4 silloin, kun se ei ole k\u00e4yt\u00f6ss\u00e4. Mitat: \u00d8 33 x 5,3 cm. Materiaali: PVC, huopakangas polyesteria [&hellip;]<\/p>\n","protected":false},"featured_media":2827,"template":"","meta":{"_acf_changed":false},"product_cat":[125],"product_tag":[129],"class_list":{"0":"post-2826","1":"product","2":"type-product","3":"status-publish","4":"has-post-thumbnail","6":"product_cat-tasapainotyynyt","7":"product_tag-forbattra-hallningen","9":"first","10":"instock","11":"taxable","12":"shipping-taxable","13":"purchasable","14":"product-type-simple"},"acf":[],"_links":{"self":[{"href":"https:\/\/jobout.com\/fi\/wp-json\/wp\/v2\/product\/2826","targetHints":{"allow":["GET"]}}],"collection":[{"href":"https:\/\/jobout.com\/fi\/wp-json\/wp\/v2\/product"}],"about":[{"href":"https:\/\/jobout.com\/fi\/wp-json\/wp\/v2\/types\/product"}],"wp:featuredmedia":[{"embeddable":true,"href":"https:\/\/jobout.com\/fi\/wp-json\/wp\/v2\/media\/2827"}],"wp:attachment":[{"href":"https:\/\/jobout.com\/fi\/wp-json\/wp\/v2\/media?parent=2826"}],"wp:term":[{"taxonomy":"product_cat","embeddable":true,"href":"https:\/\/jobout.com\/fi\/wp-json\/wp\/v2\/product_cat?post=2826"},{"taxonomy":"product_tag","embeddable":true,"href":"https:\/\/jobout.com\/fi\/wp-json\/wp\/v2\/product_tag?post=2826"}],"curies":[{"name":"wp","href":"https:\/\/api.w.org\/{rel}","templated":true}]}}