{"id":2829,"date":"2022-09-26T15:36:29","date_gmt":"2022-09-26T13:36:29","guid":{"rendered":"https:\/\/jobout.com\/fi\/?post_type=product&#038;p=2829"},"modified":"2025-03-05T10:49:54","modified_gmt":"2025-03-05T09:49:54","slug":"coreball-icon-design-tasapainopallo-tummanharmaa","status":"publish","type":"product","link":"https:\/\/jobout.com\/fi\/tuote\/coreball-icon-design-tasapainopallo-tummanharmaa\/","title":{"rendered":"Coreball Icon &#8211; Design-tasapainopallo tummanharmaa"},"content":{"rendered":"<p>JobOut design-tasapainopallo mahdollistaa aktiivisen istumisen ty\u00f6p\u00e4iv\u00e4n aikana. Tasapainopallo auttaa harjoittamaan tasapainoa ja koordinaatiota. Vahvistaa keskivartalo- ja pakaralihaksia ja lievitt\u00e4\u00e4 sel\u00e4n rasitusta. Kest\u00e4v\u00e4 kangasp\u00e4\u00e4llinen on pehme\u00e4 ja mukava istua. Erinomainen vaihtoehto ty\u00f6tuolillesi. P\u00e4\u00e4llisen pohjassa oleva paino pit\u00e4\u00e4 tasapainopallon paikallaan, kun se ei ole k\u00e4yt\u00f6ss\u00e4. Irtop\u00e4\u00e4llys huopakangasta (vaaleanharmaa, tummanharmaa ja tummansininen). Mukana k\u00e4sipumppu. Mitat: \u00d8 65 cm. Materiaali: Huopakangas polyesteria, PU, mineraalihiekka ja tasapainopallo PVC:t\u00e4. V\u00e4ri:<\/p>\n","protected":false},"excerpt":{"rendered":"<p>JobOut design-tasapainopallo mahdollistaa aktiivisen istumisen ty\u00f6p\u00e4iv\u00e4n aikana. Tasapainopallo auttaa harjoittamaan tasapainoa ja koordinaatiota. Vahvistaa keskivartalo- ja pakaralihaksia ja lievitt\u00e4\u00e4 sel\u00e4n rasitusta. Kest\u00e4v\u00e4 kangasp\u00e4\u00e4llinen on pehme\u00e4 ja mukava istua. Erinomainen vaihtoehto ty\u00f6tuolillesi. P\u00e4\u00e4llisen pohjassa oleva paino pit\u00e4\u00e4 tasapainopallon paikallaan, kun se ei ole k\u00e4yt\u00f6ss\u00e4. Irtop\u00e4\u00e4llys huopakangasta (vaaleanharmaa, tummanharmaa ja tummansininen). Mukana k\u00e4sipumppu. Mitat: \u00d8 65 cm. [&hellip;]<\/p>\n","protected":false},"featured_media":2745,"template":"","meta":{"_acf_changed":false},"product_cat":[123],"product_tag":[],"class_list":{"0":"post-2829","1":"product","2":"type-product","3":"status-publish","4":"has-post-thumbnail","6":"product_cat-tasapainopallot","8":"first","9":"instock","10":"taxable","11":"shipping-taxable","12":"purchasable","13":"product-type-simple"},"acf":[],"_links":{"self":[{"href":"https:\/\/jobout.com\/fi\/wp-json\/wp\/v2\/product\/2829","targetHints":{"allow":["GET"]}}],"collection":[{"href":"https:\/\/jobout.com\/fi\/wp-json\/wp\/v2\/product"}],"about":[{"href":"https:\/\/jobout.com\/fi\/wp-json\/wp\/v2\/types\/product"}],"wp:featuredmedia":[{"embeddable":true,"href":"https:\/\/jobout.com\/fi\/wp-json\/wp\/v2\/media\/2745"}],"wp:attachment":[{"href":"https:\/\/jobout.com\/fi\/wp-json\/wp\/v2\/media?parent=2829"}],"wp:term":[{"taxonomy":"product_cat","embeddable":true,"href":"https:\/\/jobout.com\/fi\/wp-json\/wp\/v2\/product_cat?post=2829"},{"taxonomy":"product_tag","embeddable":true,"href":"https:\/\/jobout.com\/fi\/wp-json\/wp\/v2\/product_tag?post=2829"}],"curies":[{"name":"wp","href":"https:\/\/api.w.org\/{rel}","templated":true}]}}