{"id":2833,"date":"2022-09-26T15:36:58","date_gmt":"2022-09-26T13:36:58","guid":{"rendered":"https:\/\/jobout.com\/fi\/?post_type=product&#038;p=2833"},"modified":"2025-03-05T10:49:56","modified_gmt":"2025-03-05T09:49:56","slug":"rollin-hierontakeppi","status":"publish","type":"product","link":"https:\/\/jobout.com\/fi\/tuote\/rollin-hierontakeppi\/","title":{"rendered":"Rollin\u00b4 &#8211; Hierontakeppi"},"content":{"rendered":"<p>JobOut Hierontakeppi k\u00e4ytet\u00e4\u00e4n rentouttavaan_x000d_<br \/>\nhierontaan, joka edist\u00e4\u00e4 verenkiertoa_x000d_<br \/>\nja v\u00e4hent\u00e4\u00e4 kehon stressitasoa. Kuminystyr\u00e4t_x000d_<br \/>\nhierovat tehokkaasti painepisteit\u00e4, lievitt\u00e4v\u00e4t_x000d_<br \/>\nlihasj\u00e4nnityst\u00e4 ja rentouttaa lihasjumeja._x000d_<br \/>\nMitat: \u00d8 7,5 x 38,5 cm._x000d_<br \/>\nMateriaali: PP, TPR, PVC ja rauta.<\/p>\n","protected":false},"excerpt":{"rendered":"<p>JobOut Hierontakeppi k\u00e4ytet\u00e4\u00e4n rentouttavaan_x000d_ hierontaan, joka edist\u00e4\u00e4 verenkiertoa_x000d_ ja v\u00e4hent\u00e4\u00e4 kehon stressitasoa. Kuminystyr\u00e4t_x000d_ hierovat tehokkaasti painepisteit\u00e4, lievitt\u00e4v\u00e4t_x000d_ lihasj\u00e4nnityst\u00e4 ja rentouttaa lihasjumeja._x000d_ Mitat: \u00d8 7,5 x 38,5 cm._x000d_ Materiaali: PP, TPR, PVC ja rauta.<\/p>\n","protected":false},"featured_media":2834,"template":"","meta":{"_acf_changed":false},"product_cat":[126],"product_tag":[130],"class_list":{"0":"post-2833","1":"product","2":"type-product","3":"status-publish","4":"has-post-thumbnail","6":"product_cat-hieronta-ja-liike","7":"product_tag-omma-muskler","9":"first","10":"instock","11":"taxable","12":"shipping-taxable","13":"purchasable","14":"product-type-simple"},"acf":[],"_links":{"self":[{"href":"https:\/\/jobout.com\/fi\/wp-json\/wp\/v2\/product\/2833","targetHints":{"allow":["GET"]}}],"collection":[{"href":"https:\/\/jobout.com\/fi\/wp-json\/wp\/v2\/product"}],"about":[{"href":"https:\/\/jobout.com\/fi\/wp-json\/wp\/v2\/types\/product"}],"wp:featuredmedia":[{"embeddable":true,"href":"https:\/\/jobout.com\/fi\/wp-json\/wp\/v2\/media\/2834"}],"wp:attachment":[{"href":"https:\/\/jobout.com\/fi\/wp-json\/wp\/v2\/media?parent=2833"}],"wp:term":[{"taxonomy":"product_cat","embeddable":true,"href":"https:\/\/jobout.com\/fi\/wp-json\/wp\/v2\/product_cat?post=2833"},{"taxonomy":"product_tag","embeddable":true,"href":"https:\/\/jobout.com\/fi\/wp-json\/wp\/v2\/product_tag?post=2833"}],"curies":[{"name":"wp","href":"https:\/\/api.w.org\/{rel}","templated":true}]}}