{"id":2836,"date":"2022-09-26T15:36:58","date_gmt":"2022-09-26T13:36:58","guid":{"rendered":"https:\/\/jobout.com\/fi\/?post_type=product&#038;p=2836"},"modified":"2025-03-05T10:49:56","modified_gmt":"2025-03-05T09:49:56","slug":"captain-seisontamatto-jalkatuella","status":"publish","type":"product","link":"https:\/\/jobout.com\/fi\/tuote\/captain-seisontamatto-jalkatuella\/","title":{"rendered":"Captain &#8211; Seisontamatto jalkatuella"},"content":{"rendered":"<p>JobOut Seisontamatto jalkatuella on vallankumouksellinen\u00a0ja ainutlaatuinen ergonominen seisontamatto.\u00a0Jalkatuki mahdollistaa luonnolisen asennonmuutoksen\u00a0ja yhdess\u00e4 maton kanssa se v\u00e4hent\u00e4\u00e4 jalkojen, sel\u00e4n\u00a0ja niskan rasitusta. V\u00e4hent\u00e4\u00e4 kehon rasitusta ja jakaa\u00a0jalkojen kuormitusta tasaisesti.\u00a0Mitata: 73 x 61 x 3\/10,8 cm.\u00a0Materiaali: PU ja SBR.<\/p>\n","protected":false},"excerpt":{"rendered":"<p>JobOut Seisontamatto jalkatuella on vallankumouksellinen\u00a0ja ainutlaatuinen ergonominen seisontamatto.\u00a0Jalkatuki mahdollistaa luonnolisen asennonmuutoksen\u00a0ja yhdess\u00e4 maton kanssa se v\u00e4hent\u00e4\u00e4 jalkojen, sel\u00e4n\u00a0ja niskan rasitusta. V\u00e4hent\u00e4\u00e4 kehon rasitusta ja jakaa\u00a0jalkojen kuormitusta tasaisesti.\u00a0Mitata: 73 x 61 x 3\/10,8 cm.\u00a0Materiaali: PU ja SBR.<\/p>\n","protected":false},"featured_media":2837,"template":"","meta":{"_acf_changed":false},"product_cat":[124],"product_tag":[],"class_list":{"0":"post-2836","1":"product","2":"type-product","3":"status-publish","4":"has-post-thumbnail","6":"product_cat-seisontamatot","8":"first","9":"instock","10":"taxable","11":"shipping-taxable","12":"purchasable","13":"product-type-simple"},"acf":[],"_links":{"self":[{"href":"https:\/\/jobout.com\/fi\/wp-json\/wp\/v2\/product\/2836","targetHints":{"allow":["GET"]}}],"collection":[{"href":"https:\/\/jobout.com\/fi\/wp-json\/wp\/v2\/product"}],"about":[{"href":"https:\/\/jobout.com\/fi\/wp-json\/wp\/v2\/types\/product"}],"wp:featuredmedia":[{"embeddable":true,"href":"https:\/\/jobout.com\/fi\/wp-json\/wp\/v2\/media\/2837"}],"wp:attachment":[{"href":"https:\/\/jobout.com\/fi\/wp-json\/wp\/v2\/media?parent=2836"}],"wp:term":[{"taxonomy":"product_cat","embeddable":true,"href":"https:\/\/jobout.com\/fi\/wp-json\/wp\/v2\/product_cat?post=2836"},{"taxonomy":"product_tag","embeddable":true,"href":"https:\/\/jobout.com\/fi\/wp-json\/wp\/v2\/product_tag?post=2836"}],"curies":[{"name":"wp","href":"https:\/\/api.w.org\/{rel}","templated":true}]}}