{"id":2857,"date":"2022-09-26T15:36:58","date_gmt":"2022-09-26T13:36:58","guid":{"rendered":"https:\/\/jobout.com\/fi\/?post_type=product&#038;p=2857"},"modified":"2025-03-05T10:49:56","modified_gmt":"2025-03-05T09:49:56","slug":"corestar-tasapainojakkara-starfish-45-cm-2","status":"publish","type":"product","link":"https:\/\/jobout.com\/fi\/tuote\/corestar-tasapainojakkara-starfish-45-cm-2\/","title":{"rendered":"Corestar &#8211; Tasapainojakkara Starfish 45 cm"},"content":{"rendered":"<p>Sis\u00e4\u00e4nrakennettu tasapainopallo, jossa jalusta ja nelj\u00e4 jalkaa. Hieno ja leikkis\u00e4_x000d_<br \/>\nmuotoilu. Jalusta lis\u00e4\u00e4 vakautta, tarjoten edelleen aktiivista istumista. Auttaa_x000d_<br \/>\nharjoittamaan tasapainoa ja koordinaatiota, tuntuen samanaikaisesti pehme\u00e4lt\u00e4_x000d_<br \/>\nja mukavalta istua. Erinomainen t\u00e4ydennys esimerkiksi taukohuoneen tuoleihin._x000d_<br \/>\nK\u00e4sipumppu sis\u00e4ltyy._x000d_<br \/>\nMitat: \u00d8 45, 48 x 48 x 50 cm._x000d_<br \/>\n\u00d8 55, 63 x 63 x 65 cm._x000d_<br \/>\nMateriaali: Tasapainopallo PVC:t\u00e4, huopakangas polyesteri\u00e4, kevytmetalli.<\/p>\n","protected":false},"excerpt":{"rendered":"<p>Sis\u00e4\u00e4nrakennettu tasapainopallo, jossa jalusta ja nelj\u00e4 jalkaa. Hieno ja leikkis\u00e4_x000d_ muotoilu. Jalusta lis\u00e4\u00e4 vakautta, tarjoten edelleen aktiivista istumista. Auttaa_x000d_ harjoittamaan tasapainoa ja koordinaatiota, tuntuen samanaikaisesti pehme\u00e4lt\u00e4_x000d_ ja mukavalta istua. Erinomainen t\u00e4ydennys esimerkiksi taukohuoneen tuoleihin._x000d_ K\u00e4sipumppu sis\u00e4ltyy._x000d_ Mitat: \u00d8 45, 48 x 48 x 50 cm._x000d_ \u00d8 55, 63 x 63 x 65 cm._x000d_ Materiaali: Tasapainopallo [&hellip;]<\/p>\n","protected":false},"featured_media":2858,"template":"","meta":{"_acf_changed":false},"product_cat":[123],"product_tag":[],"class_list":{"0":"post-2857","1":"product","2":"type-product","3":"status-publish","4":"has-post-thumbnail","6":"product_cat-tasapainopallot","8":"first","9":"instock","10":"taxable","11":"shipping-taxable","12":"purchasable","13":"product-type-simple"},"acf":[],"_links":{"self":[{"href":"https:\/\/jobout.com\/fi\/wp-json\/wp\/v2\/product\/2857","targetHints":{"allow":["GET"]}}],"collection":[{"href":"https:\/\/jobout.com\/fi\/wp-json\/wp\/v2\/product"}],"about":[{"href":"https:\/\/jobout.com\/fi\/wp-json\/wp\/v2\/types\/product"}],"wp:featuredmedia":[{"embeddable":true,"href":"https:\/\/jobout.com\/fi\/wp-json\/wp\/v2\/media\/2858"}],"wp:attachment":[{"href":"https:\/\/jobout.com\/fi\/wp-json\/wp\/v2\/media?parent=2857"}],"wp:term":[{"taxonomy":"product_cat","embeddable":true,"href":"https:\/\/jobout.com\/fi\/wp-json\/wp\/v2\/product_cat?post=2857"},{"taxonomy":"product_tag","embeddable":true,"href":"https:\/\/jobout.com\/fi\/wp-json\/wp\/v2\/product_tag?post=2857"}],"curies":[{"name":"wp","href":"https:\/\/api.w.org\/{rel}","templated":true}]}}