{"id":2863,"date":"2022-09-26T15:36:29","date_gmt":"2022-09-26T13:36:29","guid":{"rendered":"https:\/\/jobout.com\/fi\/?post_type=product&#038;p=2863"},"modified":"2025-03-05T10:49:54","modified_gmt":"2025-03-05T09:49:54","slug":"workflow-design-seisontamatto-vaaleanharmaa","status":"publish","type":"product","link":"https:\/\/jobout.com\/fi\/tuote\/workflow-design-seisontamatto-vaaleanharmaa\/","title":{"rendered":"Workflow Design-seisontamatto vaaleanharmaa"},"content":{"rendered":"<p>JobOut design-seisontamatto on ergonominen seisontamatto, joka v\u00e4hent\u00e4\u00e4 kehon rasitusta seisomaty\u00f6n aikana ja jakaa jalkojen kuormituksen tasaisesti. Parantaa verenkiertoa ja aineenvaihduntaa sek\u00e4 v\u00e4hent\u00e4\u00e4 v\u00e4lilevyihin ja jalkoihin kohdistuvaa painetta. Kulutusta kest\u00e4v\u00e4\u00e4 huopamateriaalia, ripustuslenkki aitoa nahkaa. Mitat: 72 x 52 x 2 cm. Materiaali: Huopakangas, PVC, PU, SBR ja nahka. V\u00e4ri:<\/p>\n","protected":false},"excerpt":{"rendered":"<p>JobOut design-seisontamatto on ergonominen seisontamatto, joka v\u00e4hent\u00e4\u00e4 kehon rasitusta seisomaty\u00f6n aikana ja jakaa jalkojen kuormituksen tasaisesti. Parantaa verenkiertoa ja aineenvaihduntaa sek\u00e4 v\u00e4hent\u00e4\u00e4 v\u00e4lilevyihin ja jalkoihin kohdistuvaa painetta. Kulutusta kest\u00e4v\u00e4\u00e4 huopamateriaalia, ripustuslenkki aitoa nahkaa. Mitat: 72 x 52 x 2 cm. Materiaali: Huopakangas, PVC, PU, SBR ja nahka. V\u00e4ri:<\/p>\n","protected":false},"featured_media":2864,"template":"","meta":{"_acf_changed":false},"product_cat":[124],"product_tag":[],"class_list":{"0":"post-2863","1":"product","2":"type-product","3":"status-publish","4":"has-post-thumbnail","6":"product_cat-seisontamatot","8":"first","9":"instock","10":"taxable","11":"shipping-taxable","12":"purchasable","13":"product-type-simple"},"acf":[],"_links":{"self":[{"href":"https:\/\/jobout.com\/fi\/wp-json\/wp\/v2\/product\/2863","targetHints":{"allow":["GET"]}}],"collection":[{"href":"https:\/\/jobout.com\/fi\/wp-json\/wp\/v2\/product"}],"about":[{"href":"https:\/\/jobout.com\/fi\/wp-json\/wp\/v2\/types\/product"}],"wp:featuredmedia":[{"embeddable":true,"href":"https:\/\/jobout.com\/fi\/wp-json\/wp\/v2\/media\/2864"}],"wp:attachment":[{"href":"https:\/\/jobout.com\/fi\/wp-json\/wp\/v2\/media?parent=2863"}],"wp:term":[{"taxonomy":"product_cat","embeddable":true,"href":"https:\/\/jobout.com\/fi\/wp-json\/wp\/v2\/product_cat?post=2863"},{"taxonomy":"product_tag","embeddable":true,"href":"https:\/\/jobout.com\/fi\/wp-json\/wp\/v2\/product_tag?post=2863"}],"curies":[{"name":"wp","href":"https:\/\/api.w.org\/{rel}","templated":true}]}}