{"id":2867,"date":"2022-09-26T15:36:29","date_gmt":"2022-09-26T13:36:29","guid":{"rendered":"https:\/\/jobout.com\/fi\/?post_type=product&#038;p=2867"},"modified":"2025-03-05T10:49:54","modified_gmt":"2025-03-05T09:49:54","slug":"coreball-tasapainopallo-55-cm","status":"publish","type":"product","link":"https:\/\/jobout.com\/fi\/tuote\/coreball-tasapainopallo-55-cm\/","title":{"rendered":"Coreball &#8211; Tasapainopallo 55 cm"},"content":{"rendered":"<p>JobOut tasapainopallo mahdollistaa aktiivisen istumisen ty\u00f6p\u00e4iv\u00e4n aikana. Tasapainopallo auttaa harjoittamaan tasapainoa ja koordinaatiota. Vahvistaa keskivartalo- ja pakaralihaksia ja lievitt\u00e4\u00e4 sel\u00e4n rasitusta. Erinomainen vaihtoehto ty\u00f6tuolillesi. Saatavilla kolme eri kokoa k\u00e4ytt\u00e4j\u00e4n pituuden mukaan. Mukana k\u00e4sipumppu. Mitat: \u00d8 55, 65  tai 75 cm Materiaali: PVC<\/p>\n","protected":false},"excerpt":{"rendered":"<p>JobOut tasapainopallo mahdollistaa aktiivisen istumisen ty\u00f6p\u00e4iv\u00e4n aikana. Tasapainopallo auttaa harjoittamaan tasapainoa ja koordinaatiota. Vahvistaa keskivartalo- ja pakaralihaksia ja lievitt\u00e4\u00e4 sel\u00e4n rasitusta. Erinomainen vaihtoehto ty\u00f6tuolillesi. Saatavilla kolme eri kokoa k\u00e4ytt\u00e4j\u00e4n pituuden mukaan. Mukana k\u00e4sipumppu. Mitat: \u00d8 55, 65 tai 75 cm Materiaali: PVC<\/p>\n","protected":false},"featured_media":2868,"template":"","meta":{"_acf_changed":false},"product_cat":[123],"product_tag":[],"class_list":{"0":"post-2867","1":"product","2":"type-product","3":"status-publish","4":"has-post-thumbnail","6":"product_cat-tasapainopallot","8":"first","9":"instock","10":"taxable","11":"shipping-taxable","12":"purchasable","13":"product-type-simple"},"acf":[],"_links":{"self":[{"href":"https:\/\/jobout.com\/fi\/wp-json\/wp\/v2\/product\/2867","targetHints":{"allow":["GET"]}}],"collection":[{"href":"https:\/\/jobout.com\/fi\/wp-json\/wp\/v2\/product"}],"about":[{"href":"https:\/\/jobout.com\/fi\/wp-json\/wp\/v2\/types\/product"}],"wp:featuredmedia":[{"embeddable":true,"href":"https:\/\/jobout.com\/fi\/wp-json\/wp\/v2\/media\/2868"}],"wp:attachment":[{"href":"https:\/\/jobout.com\/fi\/wp-json\/wp\/v2\/media?parent=2867"}],"wp:term":[{"taxonomy":"product_cat","embeddable":true,"href":"https:\/\/jobout.com\/fi\/wp-json\/wp\/v2\/product_cat?post=2867"},{"taxonomy":"product_tag","embeddable":true,"href":"https:\/\/jobout.com\/fi\/wp-json\/wp\/v2\/product_tag?post=2867"}],"curies":[{"name":"wp","href":"https:\/\/api.w.org\/{rel}","templated":true}]}}